{"id":1950,"date":"2025-05-10T20:03:18","date_gmt":"2025-05-10T20:03:18","guid":{"rendered":"https:\/\/diversity-health.de\/?page_id=1950"},"modified":"2026-02-11T22:04:12","modified_gmt":"2026-02-11T22:04:12","slug":"cpk","status":"publish","type":"page","link":"https:\/\/diversity-health.de\/home\/cpk\/","title":{"rendered":"CPK"},"content":{"rendered":"\n<div class=\"wp-block-uagb-container uagb-block-1bae3a6f alignfull uagb-is-root-container\"><div class=\"uagb-container-inner-blocks-wrap\">\n<div class=\"wp-block-uagb-info-box uagb-block-58364634 uagb-infobox__content-wrap  uagb-infobox-icon-above-title uagb-infobox-image-valign-top\"><div class=\"uagb-ifb-content\"><div class=\"uagb-ifb-title-wrap\"><p class=\"uagb-ifb-title-prefix\">Stretch your mind<\/p><h1 class=\"uagb-ifb-title\">Schulungen und Keynotes im Gesundheitswesen<br><\/h1><\/div><p class=\"uagb-ifb-desc\"><a href=\"https:\/\/diversity-health.de\/diversity-bgm\/\" data-type=\"page\" data-id=\"1915\">Start<\/a> | <a href=\"https:\/\/diversity-health.de\/cpk\/\" data-type=\"page\" data-id=\"1950\">Diversity Management &amp; BGM<\/a><\/p><\/div><\/div>\n<\/div><\/div>\n\n\n\n<div class=\"wp-block-uagb-container uagb-block-3cb3bc87 alignfull uagb-is-root-container\"><div class=\"uagb-container-inner-blocks-wrap\">\n<p class=\"has-text-align-center has-medium-font-size\"><strong>Schulungen, Keynotes und Workshops im Gesundheitswesen<\/strong>                                                                              <\/p>\n\n\n\n<p>Queersensibilit\u00e4t sollte im Gesundheitswesen eine wichtige Rolle spielen, egal ob Pflegeeinrichtungen, Therapiezentren, Praxen oder Kliniken. Nur mit einer ad\u00e4quaten queersensiblen Ansprache k\u00f6nnen LSBTIQA+ Personen erreicht und Barrieren \u00fcberwunden werden. Mit dem richtigen Hintergrundwissen und einer offenen Haltung sind weitere wichtige Grundlagen gelegt. Pers\u00f6nlich biete ich mit einem Workshop, einem Impulsvortrag, einer Schulung oder einer Keynote die ersten wichtige Impulse. Je nach Wunsch und Zielsetzung im jeweiligen Umfang. Bei Interesse berate ich auch dar\u00fcber hinaus. F\u00fcr weitere Informationen k\u00f6nnen Sie sich einfach mit mir <a href=\"https:\/\/diversity-health.de\/contact\/\" data-type=\"page\" data-id=\"1706\">hier<\/a> in Verbindung setzen.<\/p>\n\n\n\n<p><\/p>\n\n\n\n<div class=\"wp-block-uagb-info-box uagb-block-b3852649 uagb-infobox__content-wrap  uagb-infobox-icon-above-title uagb-infobox-image-valign-top\"><div class=\"uagb-ifb-content\"><div class=\"uagb-ifb-title-wrap\"><p class=\"uagb-ifb-title-prefix\">Schulungen f\u00fcr Physios: Chest-Binding.<\/p><h2 class=\"uagb-ifb-title\"> Beschwerden reduzieren.<\/h2><\/div><\/div><\/div>\n\n\n\n<div class=\"wp-block-uagb-container uagb-block-b076eb91\">\n<div class=\"wp-block-uagb-advanced-heading uagb-block-438cc7dc\"><p class=\"uagb-heading-text\">Unter Chest-Binding wird das Abbinden der weiblich gelesenen Brust verstanden, damit diese m\u00e4nnlich gelesen wird oder dieser zumindest sehr \u00e4hnlich erscheint. Bedingt ist dies durch die Dysphorie, also dass der K\u00f6rper oder bestimmte K\u00f6rperregionen nicht zum gelebten und gef\u00fchlten Geschlecht passend empfunden werden und dessen psychische Folgen.<\/p><\/div>\n\n\n\n<div class=\"wp-block-uagb-advanced-heading uagb-block-4719c99d\"><p class=\"uagb-heading-text\">Laut einer Online-Umfrage von Peitzmeier et al. aus dem Jahr 2015 steigt mit dem Binding das Wohlbefinden. Die Umfrage zeigt aber auch, dass mit dem Binding Nebenwirkungen wie Atem- und R\u00fcckenbeschwerden auftreten. Die Physiotherapie kann hier einen Behandlungsansatz darstellen, wie auch Kobabe und Peitzmeier in ihrem Buch aus 2024 darstellen.<\/p><\/div>\n<\/div>\n\n\n\n<div class=\"wp-block-uagb-image aligncenter uagb-block-460dd4b9 wp-block-uagb-image--layout-default wp-block-uagb-image--effect-static wp-block-uagb-image--align-center\"><figure class=\"wp-block-uagb-image__figure\"><img loading=\"lazy\" decoding=\"async\" srcset=\"https:\/\/diversity-health.de\/wp-content\/uploads\/2025\/05\/Rueckenstrecker-1024x305.jpg ,https:\/\/diversity-health.de\/wp-content\/uploads\/2025\/05\/Rueckenstrecker.jpg 780w, https:\/\/diversity-health.de\/wp-content\/uploads\/2025\/05\/Rueckenstrecker.jpg 360w\" sizes=\"auto, (max-width: 480px) 150px\" src=\"https:\/\/diversity-health.de\/wp-content\/uploads\/2025\/05\/Rueckenstrecker-1024x305.jpg\" alt=\"\" class=\"uag-image-2085\" width=\"1200\" height=\"450\" title=\"Ru\u0308ckenstrecker\" loading=\"lazy\" role=\"img\"\/><\/figure><\/div>\n\n\n\n<p>Mein Fortbildungsangebot geht jedoch \u00fcber die Behandlung von Beschwerden bei Chest-Binding hinaus. Im Jahr 2024 habe ich die Wirkung von Physiotherapie gegen Beschwerden bei Binding im Rahmen einer Master-Thesis untersucht.  Dies war jedoch nur eine sehr kleine Erhebung als Ein-Gruppen-Design ohne eine Vergleichs-\/Kontrollgruppe. In Bezug auf die Wirkung lies sich jedoch eine positive Tendenz feststellen. F\u00fcr weitergehende Aussagen war die Gruppe jedoch zu klein. Aufgrund der generell wenigen Binding praktizierenden Menschen und der kaum zur Verf\u00fcgung stehende Zeit erkl\u00e4rt sich die geringe Zahl der Teilnehmenden. Queere Menschen und insbesondere trans Menschen sind oft von Diskriminierung betroffen und haben diese oft auch im Gesundheitswesen bereits erlebt. Daher k\u00f6nnen Vorbehalte bestehen, die die generell nur sehr kleine Kohorte auch noch schwierig erreichen l\u00e4sst. So spielt die richtige und zielgerichtet Ansprache der Menschen und ein Verst\u00e4ndnis f\u00fcr die Situation eine wichtige Rolle und sind Teil der Fortbildung.<\/p>\n\n\n\n<p>Insgesamt gibt es die drei Fortbildungsmodule &#8220;Grundlagen des Diversity-Managements in der Physiotherapie&#8221;, &#8220;Queer Diversity in der Physiotherapie&#8221; und &#8220;Chest-Physio-Konzept (CPK) &#8211; Physiotherapie gegen Symptome bei Chest-Binding&#8221;. Je nach W\u00fcnschen der einzelnen Einrichtungen, Fortbildungsinstituten oder Gruppen, k\u00f6nnen die Fortbildungen angepasst und bestimmte Inhalte auch zusammengef\u00fchrt werden. Wer an der CPK-Fortbildung teilgenommen hat, kann auch auf der entsprechenden Seite <a href=\"http:\/\/gesundes-binding.de\/\" data-type=\"link\" data-id=\"http:\/\/gesundes-binding.de\/\" target=\"_blank\" rel=\"noreferrer noopener\">gesundes-binding.de<\/a> gelistet und entsprechend gefunden werden.<\/p>\n\n\n\n<div class=\"wp-block-uagb-container uagb-block-d85d123a\">\n<p>Ich bin gerne Ihr Ansprechpartner f\u00fcr eine diversit\u00e4tssensible und insbesondere eine queersensible Gesundheitsversorgung, auch \u00fcber die Physiotherapie hinaus. Gerne finden wir auch individuelle L\u00f6sungen f\u00fcr Ihre Fragestellungen. Ich freue mich, wenn Sie sich <a href=\"https:\/\/diversity-health.de\/contact\/\" data-type=\"page\" data-id=\"1706\">hier<\/a> mit mir in Verbindung setzen.<\/p>\n<\/div>\n<\/div><\/div>\n\n\n\n<div class=\"wp-block-uagb-container uagb-block-ea6becb3 alignfull uagb-is-root-container\"><div class=\"uagb-container-inner-blocks-wrap\">\n<div class=\"wp-block-uagb-advanced-heading uagb-block-3bdcdc78\"><p class=\"uagb-heading-text\">Ich bin Niko J\u00e1nos Riebel und bin Physiotherapeut. W\u00e4hrend meines Studiums in Angewandten Gesundheits- und Therapiewissenschaften habe ich mich dem Chest-Binding, den damit korrelierenden Symptomen und einer Behandlung mit Physiotherapie im Rahmen meiner Master-Thesis gewidmet.<\/p><\/div>\n\n\n\n<div class=\"wp-block-uagb-image uagb-block-0e6622da wp-block-uagb-image--layout-default wp-block-uagb-image--effect-static wp-block-uagb-image--align-none\"><figure class=\"wp-block-uagb-image__figure\"><img loading=\"lazy\" decoding=\"async\" srcset=\"https:\/\/diversity-health.de\/wp-content\/uploads\/2025\/05\/Passbild_2024-796x1024.jpg ,https:\/\/diversity-health.de\/wp-content\/uploads\/2025\/05\/Passbild_2024.jpg 780w, https:\/\/diversity-health.de\/wp-content\/uploads\/2025\/05\/Passbild_2024.jpg 360w\" sizes=\"auto, (max-width: 480px) 150px\" src=\"https:\/\/diversity-health.de\/wp-content\/uploads\/2025\/05\/Passbild_2024-796x1024.jpg\" alt=\"\" class=\"uag-image-2039\" width=\"169\" height=\"216\" title=\"Passbild_2024\" loading=\"lazy\" role=\"img\"\/><\/figure><\/div>\n\n\n\n<p><\/p>\n\n\n\n<p class=\"has-ast-global-color-5-color has-text-color has-link-color wp-elements-dae5500396a83d9e6aa8c55b92965902\">Bei meiner Master-Thesis wurde ich unterst\u00fctzt von <a href=\"https:\/\/www.spotlight-pforzheim.de\/\" data-type=\"link\" data-id=\"https:\/\/www.spotlight-pforzheim.de\/\" target=\"_blank\" rel=\"noreferrer noopener\">Spotlight in Pforzheim<\/a>. Spotlight ist ein Safe(r) Space f\u00fcr sexuelle, romantische und geschlechtliche Identit\u00e4ten und Vielfalt. Zudem widmet sich die Organisation dem Thema der sexuellen Gesundheit. Mit <a href=\"https:\/\/www.spotlight-pforzheim.de\/angebote\/queer-space\/\" data-type=\"link\" data-id=\"https:\/\/www.spotlight-pforzheim.de\/angebote\/queer-space\/\" target=\"_blank\" rel=\"noreferrer noopener\">QueerSpace<\/a> bietet Spotlight ein Beratungsangebot f\u00fcr queere Menschen und insbesondere f\u00fcr trans Personen. <\/p>\n\n\n\n<div class=\"wp-block-uagb-image uagb-block-19439c85 wp-block-uagb-image--layout-default wp-block-uagb-image--effect-static wp-block-uagb-image--align-none\"><figure class=\"wp-block-uagb-image__figure\"><img loading=\"lazy\" decoding=\"async\" srcset=\"https:\/\/diversity-health.de\/wp-content\/uploads\/2025\/05\/Spotlight-e1747256379760.jpg ,https:\/\/diversity-health.de\/wp-content\/uploads\/2025\/05\/Spotlight-e1747256379760.jpg 780w, https:\/\/diversity-health.de\/wp-content\/uploads\/2025\/05\/Spotlight-e1747256379760.jpg 360w\" sizes=\"auto, (max-width: 480px) 150px\" src=\"https:\/\/diversity-health.de\/wp-content\/uploads\/2025\/05\/Spotlight-e1747256379760.jpg\" alt=\"\" class=\"uag-image-2072\" width=\"145\" height=\"142\" title=\"Spotlight\" loading=\"lazy\" role=\"img\"\/><\/figure><\/div>\n<\/div><\/div>\n\n\n\n<p><\/p>\n","protected":false},"excerpt":{"rendered":"<p>Schulungen, Keynotes und Workshops im Gesundheitswesen Queersensibilit\u00e4t sollte im Gesundheitswesen eine wichtige Rolle spielen, egal ob Pflegeeinrichtungen, Therapiezentren, Praxen oder Kliniken. Nur mit einer ad\u00e4quaten queersensiblen Ansprache k\u00f6nnen LSBTIQA+ Personen [&hellip;]<\/p>\n","protected":false},"author":1,"featured_media":0,"parent":0,"menu_order":0,"comment_status":"closed","ping_status":"closed","template":"","meta":{"_uag_custom_page_level_css":"","site-sidebar-layout":"default","site-content-layout":"","ast-site-content-layout":"normal-width-container","site-content-style":"default","site-sidebar-style":"default","ast-global-header-display":"","ast-banner-title-visibility":"","ast-main-header-display":"","ast-hfb-above-header-display":"","ast-hfb-below-header-display":"","ast-hfb-mobile-header-display":"","site-post-title":"disabled","ast-breadcrumbs-content":"","ast-featured-img":"","footer-sml-layout":"","ast-disable-related-posts":"","theme-transparent-header-meta":"enabled","adv-header-id-meta":"","stick-header-meta":"","header-above-stick-meta":"","header-main-stick-meta":"","header-below-stick-meta":"","astra-migrate-meta-layouts":"default","ast-page-background-enabled":"default","ast-page-background-meta":{"desktop":{"background-color":"var(--ast-global-color-4)","background-image":"","background-repeat":"repeat","background-position":"center center","background-size":"auto","background-attachment":"scroll","background-type":"","background-media":"","overlay-type":"","overlay-color":"","overlay-opacity":"","overlay-gradient":""},"tablet":{"background-color":"","background-image":"","background-repeat":"repeat","background-position":"center center","background-size":"auto","background-attachment":"scroll","background-type":"","background-media":"","overlay-type":"","overlay-color":"","overlay-opacity":"","overlay-gradient":""},"mobile":{"background-color":"","background-image":"","background-repeat":"repeat","background-position":"center center","background-size":"auto","background-attachment":"scroll","background-type":"","background-media":"","overlay-type":"","overlay-color":"","overlay-opacity":"","overlay-gradient":""}},"ast-content-background-meta":{"desktop":{"background-color":"var(--ast-global-color-5)","background-image":"","background-repeat":"repeat","background-position":"center center","background-size":"auto","background-attachment":"scroll","background-type":"","background-media":"","overlay-type":"","overlay-color":"","overlay-opacity":"","overlay-gradient":""},"tablet":{"background-color":"var(--ast-global-color-5)","background-image":"","background-repeat":"repeat","background-position":"center center","background-size":"auto","background-attachment":"scroll","background-type":"","background-media":"","overlay-type":"","overlay-color":"","overlay-opacity":"","overlay-gradient":""},"mobile":{"background-color":"var(--ast-global-color-5)","background-image":"","background-repeat":"repeat","background-position":"center center","background-size":"auto","background-attachment":"scroll","background-type":"","background-media":"","overlay-type":"","overlay-color":"","overlay-opacity":"","overlay-gradient":""}},"footnotes":""},"class_list":["post-1950","page","type-page","status-publish","hentry"],"uagb_featured_image_src":{"full":false,"thumbnail":false,"medium":false,"medium_large":false,"large":false,"1536x1536":false,"2048x2048":false},"uagb_author_info":{"display_name":"admin","author_link":"https:\/\/diversity-health.de\/home\/author\/admin\/"},"uagb_comment_info":0,"uagb_excerpt":"Schulungen, Keynotes und Workshops im Gesundheitswesen Queersensibilit\u00e4t sollte im Gesundheitswesen eine wichtige Rolle spielen, egal ob Pflegeeinrichtungen, Therapiezentren, Praxen oder Kliniken. Nur mit einer ad\u00e4quaten queersensiblen Ansprache k\u00f6nnen LSBTIQA+ Personen [&hellip;]","_links":{"self":[{"href":"https:\/\/diversity-health.de\/home\/wp-json\/wp\/v2\/pages\/1950","targetHints":{"allow":["GET"]}}],"collection":[{"href":"https:\/\/diversity-health.de\/home\/wp-json\/wp\/v2\/pages"}],"about":[{"href":"https:\/\/diversity-health.de\/home\/wp-json\/wp\/v2\/types\/page"}],"author":[{"embeddable":true,"href":"https:\/\/diversity-health.de\/home\/wp-json\/wp\/v2\/users\/1"}],"replies":[{"embeddable":true,"href":"https:\/\/diversity-health.de\/home\/wp-json\/wp\/v2\/comments?post=1950"}],"version-history":[{"count":21,"href":"https:\/\/diversity-health.de\/home\/wp-json\/wp\/v2\/pages\/1950\/revisions"}],"predecessor-version":[{"id":2211,"href":"https:\/\/diversity-health.de\/home\/wp-json\/wp\/v2\/pages\/1950\/revisions\/2211"}],"wp:attachment":[{"href":"https:\/\/diversity-health.de\/home\/wp-json\/wp\/v2\/media?parent=1950"}],"curies":[{"name":"wp","href":"https:\/\/api.w.org\/{rel}","templated":true}]}}