{"id":1874,"date":"2025-04-12T15:27:34","date_gmt":"2025-04-12T15:27:34","guid":{"rendered":"https:\/\/diversity-health.de\/?page_id=1874"},"modified":"2025-10-27T21:41:25","modified_gmt":"2025-10-27T21:41:25","slug":"gesundes-binding-de","status":"publish","type":"page","link":"https:\/\/diversity-health.de\/home\/gesundes-binding-de\/","title":{"rendered":"Gesundes Binding"},"content":{"rendered":"\n<div class=\"wp-block-uagb-container uagb-block-1bae3a6f alignfull uagb-is-root-container\"><div class=\"uagb-container-inner-blocks-wrap\">\n<div class=\"wp-block-uagb-info-box uagb-block-58364634 uagb-infobox__content-wrap  uagb-infobox-icon-above-title uagb-infobox-image-valign-top\"><div class=\"uagb-ifb-content\"><div class=\"uagb-ifb-title-wrap\"><p class=\"uagb-ifb-title-prefix\">Gesundes Binding<\/p><h1 class=\"uagb-ifb-title\">Chest-Binding<\/h1><\/div><p class=\"uagb-ifb-desc\">Wie kann ich das Binding ges\u00fcnder machen? <\/p><\/div><\/div>\n<\/div><\/div>\n\n\n\n<div class=\"wp-block-uagb-container uagb-block-3cb3bc87 alignfull uagb-is-root-container\"><div class=\"uagb-container-inner-blocks-wrap\">\n<div class=\"wp-block-uagb-info-box uagb-block-b3852649 uagb-infobox__content-wrap  uagb-infobox-icon-above-title uagb-infobox-image-valign-top\"><div class=\"uagb-ifb-content\"><div class=\"uagb-ifb-title-wrap\"><p class=\"uagb-ifb-title-prefix\">Herzlich Willkommen auf meiner Seite zu gesundem Binding. <\/p><h2 class=\"uagb-ifb-title\"> Du bist nicht alleine.<\/h2><\/div><\/div><\/div>\n\n\n\n<div class=\"wp-block-uagb-container uagb-block-b076eb91\">\n<div class=\"wp-block-uagb-advanced-heading uagb-block-438cc7dc\"><p class=\"uagb-heading-text\">Was ist Binding? Unter Binding bzw. Chest-Binding wird das Abbinden der weiblich gelesenen Brust verstanden, damit diese einer m\u00e4nnlich gelesenen nahe kommt. Dies kann unter anderem trans Personen betreffen, die sich m\u00e4nnlich oder nonbin\u00e4r definieren. Jedoch k\u00f6nnen auch cis-m\u00e4nnliche Personen mit einer Gyn\u00e4komastie, also mit vermehrt auftretendem Brustgewebe, betroffen sein. Wenn Du also Binding durchf\u00fchrst, bist Du nicht alleine. <\/p><\/div>\n\n\n\n<div class=\"wp-block-uagb-advanced-heading uagb-block-4719c99d\"><p class=\"uagb-heading-text\">Und Binding soll jetzt gesund sein? Ja, denn Gesundheit ist mehr als nur k\u00f6rperliche Symptome. Wenn der K\u00f6rper oder Teile davon nicht zum gelebten und gef\u00fchlten Geschlecht passen und dadurch auch psychische Folgen auftreten k\u00f6nnen, spricht man von einer Dysphorie. Die Studie von Peitzmeier et al. aus dem Jahr 2015 zeigte eindeutig, dass das Binding das Wohlbefinden steigerte. Das Binding hat somit eine gro\u00dfe positive Bedeutung f\u00fcr die psychische Gesundheit.<\/p><\/div>\n<\/div>\n\n\n\n<div class=\"wp-block-uagb-image aligncenter uagb-block-460dd4b9 wp-block-uagb-image--layout-default wp-block-uagb-image--effect-static wp-block-uagb-image--align-center\"><figure class=\"wp-block-uagb-image__figure\"><img loading=\"lazy\" decoding=\"async\" srcset=\"https:\/\/diversity-health.de\/wp-content\/uploads\/2025\/05\/Binder-998x1024.jpg ,https:\/\/diversity-health.de\/wp-content\/uploads\/2025\/05\/Binder.jpg 780w, https:\/\/diversity-health.de\/wp-content\/uploads\/2025\/05\/Binder.jpg 360w\" sizes=\"auto, (max-width: 480px) 150px\" src=\"https:\/\/diversity-health.de\/wp-content\/uploads\/2025\/05\/Binder-998x1024.jpg\" alt=\"\" class=\"uag-image-2067\" width=\"1200\" height=\"450\" title=\"Binder\" loading=\"lazy\" role=\"img\"\/><\/figure><\/div>\n\n\n\n<p class=\"has-text-align-left\">Das Binding hat zwar positive Effekte auf die psychische Gesundheit, doch gaben 97,2% der von Peitzmeier et al. im Jahr 2015 online befragten binding-praktizierenden Personen mindestens ein k\u00f6rperliches Symptom an. Zu den Symptomen geh\u00f6rten unter anderem R\u00fcckenschmerzen, Brust(korbs)schmerzen, Kurzatmigkeit, Juckreiz, schlechter Haltung, Schmerzen im Schulterg\u00fcrtel, Brustspannen, Schwellungen und diverse neurologische Beschwerden, wie Taubheit oder Kopfschmerzen.<\/p>\n\n\n\n<p class=\"has-text-align-left\">Aber mit den richtigen Binding-Methoden, der passenden Tragedauer und erg\u00e4nzenden \u00dcbungen k\u00f6nnen die Beschwerden reduziert werden. In einer Physiotherapie k\u00f6nnen \u00dcbungen vermittelt und be\u00fcbt werden. Auch gibt es weitere Seiten mit Tipps und auch welche auf denen passende Binder bestellt werden k\u00f6nnen. PDF-Dokumente mit den entsprechenden Infos k\u00f6nnen hier direkt unter diesem Text zu Binding-Methoden und \u00dcbungen gedownloaded werden. Weitere Infos werden folgen. Darunter stehen physiotherapeutische Angebote nach dem Chest-Physio-Konzept. Weiter unten findest Du jetzt schon einen schnellen \u00dcberblick.<\/p>\n\n\n\n<div class=\"wp-block-uagb-buttons uagb-buttons__outer-wrap uagb-btn__default-btn uagb-btn-tablet__default-btn uagb-btn-mobile__default-btn uagb-block-e7dabbeb\"><div class=\"uagb-buttons__wrap uagb-buttons-layout-wrap \">\n<div class=\"wp-block-uagb-buttons-child uagb-buttons__outer-wrap uagb-block-b831e14e wp-block-button\"><div class=\"uagb-button__wrapper\"><a class=\"uagb-buttons-repeater wp-block-button__link\" aria-label=\"\" href=\"https:\/\/diversity-health.de\/wp-content\/uploads\/2025\/06\/Hautpflege_1.pdf\" rel=\"follow noopener\" target=\"_blank\" role=\"button\"><div class=\"uagb-button__link\">Download Binding-Methoden<\/div><\/a><\/div><\/div>\n\n\n\n<div class=\"wp-block-uagb-buttons-child uagb-buttons__outer-wrap uagb-block-f43e745b wp-block-button\"><div class=\"uagb-button__wrapper\"><a class=\"uagb-buttons-repeater wp-block-button__link\" aria-label=\"\" href=\"https:\/\/diversity-health.de\/wp-content\/uploads\/2025\/05\/Anleitung-CPK_1-1.pdf\" rel=\"follow noopener\" target=\"_blank\" role=\"button\"><div class=\"uagb-button__link\">Download \u00dcbungen<\/div><\/a><\/div><\/div>\n<\/div><\/div>\n\n\n\n<p><\/p>\n\n\n\n<div class=\"wp-block-uagb-container uagb-block-d85d123a\">\n<p class=\"has-medium-font-size\"><strong>Gezielte physiotherapeutische Behandlungsangebote nach dem Chest-Physio-Konzept gegen Beschwerden bei Chest-Binding in Deutschland:<\/strong><\/p>\n\n\n\n<p><strong>PLZ-Gebiet 76<\/strong><\/p>\n\n\n\n<p>76187 Karlsruhe-Knielingen &#8211; Kurasan-Knielingen Physiotherapie &#8211; Behandlungen bei Physio Niko Riebel &#8211; <a href=\"https:\/\/www.kurasan-karlsruhe.de\/standorte\/knielingen\/\" target=\"_blank\" rel=\"noreferrer noopener\">kurasan-karlsruhe.de<\/a><\/p>\n\n\n\n<p><\/p>\n\n\n\n<p><strong>Weitere Physiotherapeut*innen mit einem entsprechenden Angebot werden folgen!<\/strong><\/p>\n<\/div>\n<\/div><\/div>\n\n\n\n<div class=\"wp-block-uagb-container uagb-block-f3acc4b3 alignfull uagb-is-root-container\"><div class=\"uagb-container-inner-blocks-wrap\">\n<div class=\"wp-block-uagb-container uagb-block-b93b5098\">\n<div class=\"wp-block-uagb-info-box uagb-block-b33b0804 uagb-infobox__content-wrap  uagb-infobox-icon-above-title uagb-infobox-image-valign-top\"><div class=\"uagb-ifb-content\"><div class=\"uagb-ifb-title-wrap\"><p class=\"uagb-ifb-title-prefix\">Im schnellen \u00dcberblick<\/p><h2 class=\"uagb-ifb-title\">Beschwerden reduzieren<\/h2><\/div><\/div><\/div>\n\n\n\n<div class=\"wp-block-uagb-container uagb-block-89fc5a53\">\n<div class=\"wp-block-uagb-info-box uagb-block-b296386a uagb-infobox__content-wrap  uagb-infobox-icon-above-title uagb-infobox-image-valign-top\"><div class=\"uagb-ifb-content\"><div class=\"uagb-ifb-icon-wrap\"><svg xmlns=\"https:\/\/www.w3.org\/2000\/svg\" viewBox=\"0 0 448 512\"><path d=\"M438.6 105.4C451.1 117.9 451.1 138.1 438.6 150.6L182.6 406.6C170.1 419.1 149.9 419.1 137.4 406.6L9.372 278.6C-3.124 266.1-3.124 245.9 9.372 233.4C21.87 220.9 42.13 220.9 54.63 233.4L159.1 338.7L393.4 105.4C405.9 92.88 426.1 92.88 438.6 105.4H438.6z\"><\/path><\/svg><\/div><div class=\"uagb-ifb-title-wrap\"><p class=\"uagb-ifb-title\">Richtiges Binding<\/p><\/div><p class=\"uagb-ifb-desc\">Doch vorweg: es gibt nicht die eine richtige Binding-Methode. Manchmal kann es gar hilfreich sein, verschiedene Methoden zu kombinieren bzw abzuwechseln.<br><br>Das Abbinden mit (Kinesio-)Tape ist eine Methode mit tendenziell geringeren Nebenwirkungen. Jedoch belastet dies die Haut. Hierbei empfiehlt sich die Verwendung eines breiten Kinsio-Tape \/ Trans-Tape und ein Tapen von der Mitte zur Seite. Wichtig ist, dass das Tape nicht um den ganzen Oberk\u00f6rper gehen soll, sondern nur lang genug sein soll, um das Brustgewebe zur Seite zuziehen.<br><br>Auch das Tragen von hochwertigen Bindern von speziellen Internetseiten kann eine M\u00f6glichkeit sein. Die Angaben zur Umfangsmessung auf den Seiten bitte unbedingt beachten. Links zu den Internetseiten unten unter &#8220;Weitere Informationen&#8221; zu finden.<br><br>Auch engere Sport-Bras k\u00f6nnen n\u00fctzlich sein. Weite Oberteile mit diffizil verspielten Mustern lenken ab und haben ein zus\u00e4tzlich verbergende Wirkung.<br><br>Es gibt nicht die eine f\u00fcr alle und allen Situationen immer passende Binding-Methode. Nachts sollte der Binder am Besten ausgezogen werden. Ein Tape kann hingegen darauf bleiben. Wenn m\u00f6glich kann auch ein Tag Binding-Pause (ohne Tape oder Binder) in der Woche sinnvoll sein. Beim Sport ist ein weiteres T-Shirt und ein engerer Sports-Bra darunter oftmals besser zu tragen als ein Binder.<\/p><\/div><\/div>\n\n\n\n<div class=\"wp-block-uagb-info-box uagb-block-042b17f6 uagb-infobox__content-wrap  uagb-infobox-icon-above-title uagb-infobox-image-valign-top\"><div class=\"uagb-ifb-content\"><div class=\"uagb-ifb-icon-wrap\"><svg xmlns=\"https:\/\/www.w3.org\/2000\/svg\" viewBox=\"0 0 448 512\"><path d=\"M438.6 105.4C451.1 117.9 451.1 138.1 438.6 150.6L182.6 406.6C170.1 419.1 149.9 419.1 137.4 406.6L9.372 278.6C-3.124 266.1-3.124 245.9 9.372 233.4C21.87 220.9 42.13 220.9 54.63 233.4L159.1 338.7L393.4 105.4C405.9 92.88 426.1 92.88 438.6 105.4H438.6z\"><\/path><\/svg><\/div><div class=\"uagb-ifb-title-wrap\"><p class=\"uagb-ifb-title\">Passende \u00dcbungen<\/p><\/div><p class=\"uagb-ifb-desc\">Auch bei den \u00dcbungen darfst Du auch selbst ausprobieren, was Dir gut tut. Grunds\u00e4tzlich empfehlen sich \u00dcbungen, die aufrichtend wirken und die vordere Kette dehnen. So ist es gut in die Streckung zu arbeiten und dies auch mit der Atmung zu kombinieren.<br><br>Je nach Intensit\u00e4t der Beschwerden, kann ein an die auftretenden Probleme angepasste Physiotherapie sinnvoll sein. Lasse Dich von einer*m \u00c4rzt*in Deines Vertrauens am Besten dazu beraten. Oftmals k\u00f6nnen Dir die unter &#8220;Weitere Informationen&#8221; unten gelistete Beratungsstellen Empfehlungen zu spezialisierten \u00c4rzt*innen geben.<br><br>Neben den \u00dcbungen sollte auch auf die Pflege der Haut geachtet werden. Gerade beim Entfernen des Kinesio-Tapes oder Trans-Tapes kann es zu Hautverletzungen kommen. Um diese zu vermeiden, sollte mit \u00d6l gearbeitet werden und mit diesem das Tape auf der Haut durchdr\u00e4ngt werden. Hierzu lassen sich auch gut Speise\u00f6le, wie Oliven\u00f6l, verwenden. Umso mehr Tape Du \u00fcbereinander geklebt hast, desto schlechter l\u00e4sst es sich druchdr\u00e4ngen. Daher eher mit breiterem Tape arbeiten.<br><br>Die Haut sollte generell gepflegt werden, da durch Taping und Binding die Haut auch austrocknen kann. Zu beachten ist, dass auf frisch eingecremter Haut Tapes oft schlecht heben. Zum Einremen empfehlen sich fetthaltige Lotionen, wie z.B. mit Mandel-, Karotten- oder Erdnuss\u00f6l und Lipide. Auch Cremes mit Urea k\u00f6nnen sinnvoll sein.<\/p><\/div><\/div>\n<\/div>\n<\/div>\n\n\n\n<div class=\"wp-block-uagb-container uagb-block-93ce7e38\">\n<div class=\"wp-block-uagb-image alignleft uagb-block-3e552795 wp-block-uagb-image--layout-default wp-block-uagb-image--effect-static wp-block-uagb-image--align-left\"><figure class=\"wp-block-uagb-image__figure\"><img loading=\"lazy\" decoding=\"async\" srcset=\"https:\/\/diversity-health.de\/wp-content\/uploads\/2025\/05\/pexels-photo-8275181-8275181-1024x683.jpg ,https:\/\/diversity-health.de\/wp-content\/uploads\/2025\/05\/pexels-photo-8275181-8275181-scaled.jpg 780w, https:\/\/diversity-health.de\/wp-content\/uploads\/2025\/05\/pexels-photo-8275181-8275181-scaled.jpg 360w\" sizes=\"auto, (max-width: 480px) 150px\" src=\"https:\/\/diversity-health.de\/wp-content\/uploads\/2025\/05\/pexels-photo-8275181-8275181-1024x683.jpg\" alt=\"Close-up of a transgender pride flag chalk drawing on rough pavement surface.\" class=\"uag-image-2027\" width=\"480\" height=\"450\" title=\"pexels-photo-8275181-8275181\" loading=\"lazy\" role=\"img\"\/><\/figure><\/div>\n<\/div>\n<\/div><\/div>\n\n\n\n<div class=\"wp-block-uagb-container uagb-block-ea6becb3 alignfull uagb-is-root-container\"><div class=\"uagb-container-inner-blocks-wrap\">\n<p class=\"has-ast-global-color-5-color has-text-color has-link-color has-medium-font-size wp-elements-7c7d24d63fb9706fac084a99d7544d97\">Weitere Informationen<\/p>\n\n\n\n<p><\/p>\n\n\n\n<p class=\"has-ast-global-color-5-color has-text-color has-link-color wp-elements-a04443b392a1324d97a5b23599b0e394\">Wer steckt eigentlich hinter dieser Seite? Ich bin Niko (er\/dey), mir wurde bei Geburt das m\u00e4nnliche Geschlecht zugewiesen, definiere mich jetzt jedoch als nonbin\u00e4r, dennoch mehr im m\u00e4nnlichen Spektrum. In der Vergangenheit habe ich eine Ausbildung zum Physiotherapeuten gemacht und sp\u00e4ter dann studiert und so auch den Master in Angewandten Gesundheits- und Therapiewissenschaften gemacht.  In meiner Abschlussarbeit des Masterstudiums habe ich mich mit dem Chest-Binding, welche Nebenwirkungen es hat und ob Physiotherapie hierbei helfen kann besch\u00e4ftigt. Auch selbst wollte ich die k\u00f6rperlichen Effekte des Bindings erfahren und habe es selbst ausprobiert und den Binder zeitweise im Alltag getragen z.B. beim Sport, beim Spaziergang und beim Einkauf. <\/p>\n\n\n\n<div class=\"wp-block-uagb-image uagb-block-f43994bd wp-block-uagb-image--layout-default wp-block-uagb-image--effect-static wp-block-uagb-image--align-none\"><figure class=\"wp-block-uagb-image__figure\"><img loading=\"lazy\" decoding=\"async\" srcset=\"https:\/\/diversity-health.de\/wp-content\/uploads\/2025\/05\/Passbild_2024-796x1024.jpg ,https:\/\/diversity-health.de\/wp-content\/uploads\/2025\/05\/Passbild_2024.jpg 780w, https:\/\/diversity-health.de\/wp-content\/uploads\/2025\/05\/Passbild_2024.jpg 360w\" sizes=\"auto, (max-width: 480px) 150px\" src=\"https:\/\/diversity-health.de\/wp-content\/uploads\/2025\/05\/Passbild_2024-796x1024.jpg\" alt=\"\" class=\"uag-image-2039\" width=\"170\" height=\"218\" title=\"Passbild_2024\" loading=\"lazy\" role=\"img\"\/><\/figure><\/div>\n\n\n\n<p><\/p>\n\n\n\n<p class=\"has-ast-global-color-5-color has-text-color has-link-color wp-elements-37230d7026bfbfa5d5bd1856f0057a6d\">Bei meiner Master-Thesis wurde ich unterst\u00fctzt von <a href=\"https:\/\/www.spotlight-pforzheim.de\/\" data-type=\"link\" data-id=\"https:\/\/www.spotlight-pforzheim.de\/\" target=\"_blank\" rel=\"noreferrer noopener\">Spotlight in Pforzheim<\/a>. Spotlight ist ein Safe(r) Space f\u00fcr sexuelle, romantische und geschlechtliche Identit\u00e4ten und Vielfalt. Zudem widmet sich die Organisation dem Thema der sexuellen Gesundheit. Mit <a href=\"https:\/\/www.spotlight-pforzheim.de\/angebote\/queer-space\/\" data-type=\"link\" data-id=\"https:\/\/www.spotlight-pforzheim.de\/angebote\/queer-space\/\" target=\"_blank\" rel=\"noreferrer noopener\">QueerSpace<\/a> bietet Spotlight ein Beratungsangebot f\u00fcr queere Menschen und insbesondere f\u00fcr trans Personen in und um Pforzheim. <\/p>\n\n\n\n<div class=\"wp-block-uagb-image uagb-block-2dcf919f wp-block-uagb-image--layout-default wp-block-uagb-image--effect-static wp-block-uagb-image--align-none\"><figure class=\"wp-block-uagb-image__figure\"><img loading=\"lazy\" decoding=\"async\" srcset=\"https:\/\/diversity-health.de\/wp-content\/uploads\/2025\/05\/Spotlight.jpg ,https:\/\/diversity-health.de\/wp-content\/uploads\/2025\/05\/Spotlight.jpg 780w, https:\/\/diversity-health.de\/wp-content\/uploads\/2025\/05\/Spotlight.jpg 360w\" sizes=\"auto, (max-width: 480px) 150px\" src=\"https:\/\/diversity-health.de\/wp-content\/uploads\/2025\/05\/Spotlight.jpg\" alt=\"\" class=\"uag-image-2072\" width=\"124\" height=\"121\" title=\"Spotlight-Pforzheim\" loading=\"lazy\" role=\"img\"\/><\/figure><\/div>\n\n\n\n<p><\/p>\n\n\n\n<p class=\"has-ast-global-color-5-color has-text-color has-link-color wp-elements-ea2b04ed132b8a92353f7084ddcc515a\">Weitere Beratungsangebote in Baden-W\u00fcrttemberg findest Du <a href=\"https:\/\/www.beratung-lsbttiq.net\/beratung\" data-type=\"link\" data-id=\"https:\/\/www.beratung-lsbttiq.net\/beratung\" target=\"_blank\" rel=\"noreferrer noopener\">hier<\/a> auf der Seite des Netzwerkes LSBTTIQ BaW\u00fc. Bundesweit gibt es <a href=\"https:\/\/dgti.org\/peerberatung-fuer-trans-und-inter\/\" data-type=\"link\" data-id=\"https:\/\/dgti.org\/peerberatung-fuer-trans-und-inter\/\">Beratungsangebote von der dgti<\/a> (Deutsche Gesellschaft f\u00fcr Trans*- und Intergeschelchtlichkeit).<\/p>\n\n\n\n<p><\/p>\n\n\n\n<p class=\"has-ast-global-color-5-color has-text-color has-link-color wp-elements-cb58540f6e8c1ec20b70eff5da154fc2\">In englischer Sprache gibt es ganz viele Tipps rund um das Binding auf der Internetseite <a href=\"https:\/\/healthybinding.com\" target=\"_blank\" rel=\"noreferrer noopener\">healthybinding.com<\/a> aus den USA. Auf weiteren Seiten aus Europa k\u00f6nnen Binder bestellt werden.  So gibt es zum Beispiel die Internetseiten <a href=\"https:\/\/www.binderme.de\" data-type=\"link\" data-id=\"https:\/\/www.binderme.de\" target=\"_blank\" rel=\"noreferrer noopener\">binderme.de<\/a> und <a href=\"https:\/\/www.bwya.fr\/de\/\" data-type=\"link\" data-id=\"https:\/\/www.bwya.fr\/de\/\" target=\"_blank\" rel=\"noreferrer noopener\">bwya.fr<\/a> auf denen Binder bestellt werden k\u00f6nnen. Aus den USA gibt es die Seite <a href=\"https:\/\/www.underworks.com\" data-type=\"link\" data-id=\"https:\/\/www.underworks.com\" target=\"_blank\" rel=\"noreferrer noopener\">underworks.com<\/a> auf der unter anderem Binder bestellt werden k\u00f6nnen.<\/p>\n<\/div><\/div>\n\n\n\n<p><\/p>\n","protected":false},"excerpt":{"rendered":"<p>Was ist Binding? Unter Binding bzw. Chest-Binding wird das Abbinden der weiblich gelesenen Brust verstanden, damit diese einer m\u00e4nnlich gelesenen nahe kommt. Dies kann unter anderem trans Personen betreffen, die [&hellip;]<\/p>\n","protected":false},"author":1,"featured_media":0,"parent":0,"menu_order":0,"comment_status":"closed","ping_status":"closed","template":"","meta":{"_uag_custom_page_level_css":"","site-sidebar-layout":"default","site-content-layout":"","ast-site-content-layout":"normal-width-container","site-content-style":"default","site-sidebar-style":"default","ast-global-header-display":"","ast-banner-title-visibility":"","ast-main-header-display":"","ast-hfb-above-header-display":"","ast-hfb-below-header-display":"","ast-hfb-mobile-header-display":"","site-post-title":"disabled","ast-breadcrumbs-content":"","ast-featured-img":"","footer-sml-layout":"","ast-disable-related-posts":"","theme-transparent-header-meta":"enabled","adv-header-id-meta":"","stick-header-meta":"","header-above-stick-meta":"","header-main-stick-meta":"","header-below-stick-meta":"","astra-migrate-meta-layouts":"default","ast-page-background-enabled":"default","ast-page-background-meta":{"desktop":{"background-color":"var(--ast-global-color-4)","background-image":"","background-repeat":"repeat","background-position":"center center","background-size":"auto","background-attachment":"scroll","background-type":"","background-media":"","overlay-type":"","overlay-color":"","overlay-opacity":"","overlay-gradient":""},"tablet":{"background-color":"","background-image":"","background-repeat":"repeat","background-position":"center center","background-size":"auto","background-attachment":"scroll","background-type":"","background-media":"","overlay-type":"","overlay-color":"","overlay-opacity":"","overlay-gradient":""},"mobile":{"background-color":"","background-image":"","background-repeat":"repeat","background-position":"center center","background-size":"auto","background-attachment":"scroll","background-type":"","background-media":"","overlay-type":"","overlay-color":"","overlay-opacity":"","overlay-gradient":""}},"ast-content-background-meta":{"desktop":{"background-color":"var(--ast-global-color-5)","background-image":"","background-repeat":"repeat","background-position":"center center","background-size":"auto","background-attachment":"scroll","background-type":"","background-media":"","overlay-type":"","overlay-color":"","overlay-opacity":"","overlay-gradient":""},"tablet":{"background-color":"var(--ast-global-color-5)","background-image":"","background-repeat":"repeat","background-position":"center center","background-size":"auto","background-attachment":"scroll","background-type":"","background-media":"","overlay-type":"","overlay-color":"","overlay-opacity":"","overlay-gradient":""},"mobile":{"background-color":"var(--ast-global-color-5)","background-image":"","background-repeat":"repeat","background-position":"center center","background-size":"auto","background-attachment":"scroll","background-type":"","background-media":"","overlay-type":"","overlay-color":"","overlay-opacity":"","overlay-gradient":""}},"footnotes":""},"class_list":["post-1874","page","type-page","status-publish","hentry"],"uagb_featured_image_src":{"full":false,"thumbnail":false,"medium":false,"medium_large":false,"large":false,"1536x1536":false,"2048x2048":false},"uagb_author_info":{"display_name":"admin","author_link":"https:\/\/diversity-health.de\/home\/author\/admin\/"},"uagb_comment_info":0,"uagb_excerpt":"Was ist Binding? Unter Binding bzw. Chest-Binding wird das Abbinden der weiblich gelesenen Brust verstanden, damit diese einer m\u00e4nnlich gelesenen nahe kommt. Dies kann unter anderem trans Personen betreffen, die [&hellip;]","_links":{"self":[{"href":"https:\/\/diversity-health.de\/home\/wp-json\/wp\/v2\/pages\/1874","targetHints":{"allow":["GET"]}}],"collection":[{"href":"https:\/\/diversity-health.de\/home\/wp-json\/wp\/v2\/pages"}],"about":[{"href":"https:\/\/diversity-health.de\/home\/wp-json\/wp\/v2\/types\/page"}],"author":[{"embeddable":true,"href":"https:\/\/diversity-health.de\/home\/wp-json\/wp\/v2\/users\/1"}],"replies":[{"embeddable":true,"href":"https:\/\/diversity-health.de\/home\/wp-json\/wp\/v2\/comments?post=1874"}],"version-history":[{"count":64,"href":"https:\/\/diversity-health.de\/home\/wp-json\/wp\/v2\/pages\/1874\/revisions"}],"predecessor-version":[{"id":2174,"href":"https:\/\/diversity-health.de\/home\/wp-json\/wp\/v2\/pages\/1874\/revisions\/2174"}],"wp:attachment":[{"href":"https:\/\/diversity-health.de\/home\/wp-json\/wp\/v2\/media?parent=1874"}],"curies":[{"name":"wp","href":"https:\/\/api.w.org\/{rel}","templated":true}]}}