{"id":1704,"date":"2025-03-15T10:20:47","date_gmt":"2025-03-15T10:20:47","guid":{"rendered":"https:\/\/diversity-health.de\/about\/"},"modified":"2026-05-09T21:12:48","modified_gmt":"2026-05-09T21:12:48","slug":"novo-prevent-de","status":"publish","type":"page","link":"https:\/\/diversity-health.de\/home\/novo-prevent-de\/","title":{"rendered":"Novo Prevent"},"content":{"rendered":"\n<div class=\"wp-block-uagb-container uagb-block-1bae3a6f alignfull uagb-is-root-container\"><div class=\"uagb-container-inner-blocks-wrap\">\n<div class=\"wp-block-uagb-info-box uagb-block-58364634 uagb-infobox__content-wrap  uagb-infobox-icon-above-title uagb-infobox-image-valign-top\"><div class=\"uagb-ifb-content\"><div class=\"uagb-ifb-title-wrap\"><p class=\"uagb-ifb-title-prefix\">Willkommen bei Novo Prevent<\/p><h1 class=\"uagb-ifb-title\">Physiotherapie &amp; Pr\u00e4vention<\/h1><\/div><p class=\"uagb-ifb-desc\">Ein queersensibles und diversit\u00e4tssensibles Angebot <\/p><\/div><\/div>\n<\/div><\/div>\n\n\n\n<div class=\"wp-block-uagb-container uagb-block-3cb3bc87 alignfull uagb-is-root-container\"><div class=\"uagb-container-inner-blocks-wrap\">\n<div class=\"wp-block-uagb-info-box uagb-block-b3852649 uagb-infobox__content-wrap  uagb-infobox-icon-above-title uagb-infobox-image-valign-top\"><div class=\"uagb-ifb-content\"><div class=\"uagb-ifb-title-wrap\"><p class=\"uagb-ifb-title-prefix\">Ich bin gerne f\u00fcr Dich da: <\/p><h2 class=\"uagb-ifb-title\">Novo Prevent | Niko J\u00e1nos Riebel &#8211; Physiotherapie &amp; Pr\u00e4vention<\/h2><\/div><\/div><\/div>\n\n\n\n<div class=\"wp-block-uagb-container uagb-block-b076eb91\">\n<div class=\"wp-block-uagb-advanced-heading uagb-block-438cc7dc\"><p class=\"uagb-heading-text\">Du willst queersensible und diversit\u00e4tssensible Physiotherapie? Dann bist Du hier genau richtig. Ich bin Niko J\u00e1nos Riebel. Ich bin Physiotherapeut und Berater f\u00fcr Gesundheitsf\u00f6rderung, definiere mich als queer, schwul und nonbin\u00e4r. Meine Pronomen sind er\/ihm oder auch dey\/demm. Ich empfinde beides f\u00fcr mich ok und passend. <\/p><\/div>\n\n\n\n<div class=\"wp-block-uagb-advanced-heading uagb-block-4719c99d\"><p class=\"uagb-heading-text\">F\u00fcr mich stand fest, dass es mehr queersensible und diversit\u00e4tssensible Angebote in der Physiotherapie braucht. So startete ich gleich selbst durch mit meinem Angebot. Ein Ort an dem alle mit den richtigen Pronomen angesprochen und angemessen behandelt werden. Gerne k\u00f6nnen wir auch vorab telefonieren und uns austauschen.<\/p><\/div>\n<\/div>\n\n\n\n<div class=\"wp-block-uagb-image aligncenter uagb-block-460dd4b9 wp-block-uagb-image--layout-default wp-block-uagb-image--effect-static wp-block-uagb-image--align-center\"><figure class=\"wp-block-uagb-image__figure\"><img loading=\"lazy\" decoding=\"async\" srcset=\"https:\/\/diversity-health.de\/wp-content\/uploads\/2025\/05\/Novoprevent_V03.jpg ,https:\/\/diversity-health.de\/wp-content\/uploads\/2025\/05\/Novoprevent_V03.jpg 780w, https:\/\/diversity-health.de\/wp-content\/uploads\/2025\/05\/Novoprevent_V03.jpg 360w\" sizes=\"auto, (max-width: 480px) 150px\" src=\"https:\/\/diversity-health.de\/wp-content\/uploads\/2025\/05\/Novoprevent_V03.jpg\" alt=\"\" class=\"uag-image-2025\" width=\"1200\" height=\"450\" title=\"Novoprevent_V03\" loading=\"lazy\" role=\"img\"\/><\/figure><\/div>\n<\/div><\/div>\n\n\n\n<div class=\"wp-block-uagb-container uagb-block-ea6becb3 alignfull uagb-is-root-container\"><div class=\"uagb-container-inner-blocks-wrap\">\n<div class=\"wp-block-uagb-advanced-heading uagb-block-1d7cfa9c\"><p class=\"uagb-heading-text\">&#8220;Ich m\u00f6chte Physiotherapie in einem Umfeld anbieten, indem sich queere Menschen wohl und sicherer f\u00fchlen k\u00f6nnen.&#8221;<\/p><\/div>\n\n\n\n<div class=\"wp-block-uagb-image aligncenter uagb-block-0bb74948 wp-block-uagb-image--layout-default wp-block-uagb-image--effect-static wp-block-uagb-image--align-center\"><figure class=\"wp-block-uagb-image__figure\"><img loading=\"lazy\" decoding=\"async\" srcset=\"https:\/\/diversity-health.de\/wp-content\/uploads\/2025\/05\/Passbild_2024-796x1024.jpg ,https:\/\/diversity-health.de\/wp-content\/uploads\/2025\/05\/Passbild_2024.jpg 780w, https:\/\/diversity-health.de\/wp-content\/uploads\/2025\/05\/Passbild_2024.jpg 360w\" sizes=\"auto, (max-width: 480px) 150px\" src=\"https:\/\/diversity-health.de\/wp-content\/uploads\/2025\/05\/Passbild_2024-796x1024.jpg\" alt=\"\" class=\"uag-image-2039\" width=\"68\" height=\"86\" title=\"Passbild_2024\" loading=\"lazy\" role=\"img\"\/><\/figure><\/div>\n\n\n\n<div class=\"wp-block-uagb-advanced-heading uagb-block-3bdcdc78\"><p class=\"uagb-heading-text\">Niko J\u00e1nos Riebel (er\/ihm, dey\/demm)<\/p><\/div>\n\n\n\n<p class=\"has-text-align-center has-ast-global-color-5-color has-text-color has-link-color wp-elements-ae585e5105775010547c28503b162b1d\"><strong>Ich bin Dein Physiotherapeut in Karlsruhe-Durlach (Reichenbachstr. 13)<\/strong><\/p>\n<\/div><\/div>\n\n\n\n<div class=\"wp-block-uagb-container uagb-block-f3acc4b3 alignfull uagb-is-root-container\"><div class=\"uagb-container-inner-blocks-wrap\">\n<div class=\"wp-block-uagb-container uagb-block-b93b5098\">\n<div class=\"wp-block-uagb-info-box uagb-block-b33b0804 uagb-infobox__content-wrap  uagb-infobox-icon-above-title uagb-infobox-image-valign-top\"><div class=\"uagb-ifb-content\"><div class=\"uagb-ifb-title-wrap\"><p class=\"uagb-ifb-title-prefix\">Meine Angebote<\/p><h2 class=\"uagb-ifb-title\">Physiotherapie und Pr\u00e4vention f\u00fcr alle in behaglicher Wohnzimmeratmosph\u00e4re in Durlach<\/h2><\/div><\/div><\/div>\n\n\n\n<div class=\"wp-block-uagb-container uagb-block-89fc5a53\">\n<div class=\"wp-block-uagb-info-box uagb-block-b296386a uagb-infobox__content-wrap  uagb-infobox-icon-above-title uagb-infobox-image-valign-top\"><div class=\"uagb-ifb-content\"><div class=\"uagb-ifb-icon-wrap\"><svg xmlns=\"https:\/\/www.w3.org\/2000\/svg\" viewBox=\"0 0 448 512\"><path d=\"M438.6 105.4C451.1 117.9 451.1 138.1 438.6 150.6L182.6 406.6C170.1 419.1 149.9 419.1 137.4 406.6L9.372 278.6C-3.124 266.1-3.124 245.9 9.372 233.4C21.87 220.9 42.13 220.9 54.63 233.4L159.1 338.7L393.4 105.4C405.9 92.88 426.1 92.88 438.6 105.4H438.6z\"><\/path><\/svg><\/div><div class=\"uagb-ifb-title-wrap\"><p class=\"uagb-ifb-title\">Physiotherapie<\/p><\/div><p class=\"uagb-ifb-desc\">&#8211; Krankengymnastik<br>&#8211; Manuelle Lymphdrainage<br>&#8211; Klassische Massagetherapie<br>&#8211; KG nach dem Chest-Physio-Konzept<br>&#8211; Medizinische Trainingstherapie (MTT)<br><br>Alle Behandlungen auf Privatrezept f\u00fcr Selbstzahler*innen oder \u00fcber die Private Krankenversicherung.<br><br>Das Chest-Physio-Konzept ist eine auf Chest-Binding praktizierende Menschen zugeschnittene Behandlung, um Nebenwirkungen des Bindings wie R\u00fcckenschmerzen und Atembeschwerden zu reduzieren.<br><br>Eine Behandlung durch mich gibt es barrierefrei auch in Praxisatmosph\u00e4re und dort auch auf Kassenrezept bei <a href=\"https:\/\/www.kurasan-karlsruhe.de\/standorte\/knielingen\/\" data-type=\"link\" data-id=\"https:\/\/www.kurasan-karlsruhe.de\/standorte\/knielingen\/\" target=\"_blank\" rel=\"noreferrer noopener\">Kurasan in KA-Knielingen<\/a>. Auch f\u00fcr dort, kannst Du Termine direkt bei <a href=\"https:\/\/diversity-health.de\/home\/contact\/\" data-type=\"page\" data-id=\"1706\">mir<\/a> vereinbaren.<\/p><\/div><\/div>\n\n\n\n<div class=\"wp-block-uagb-info-box uagb-block-042b17f6 uagb-infobox__content-wrap  uagb-infobox-icon-above-title uagb-infobox-image-valign-top\"><div class=\"uagb-ifb-content\"><div class=\"uagb-ifb-icon-wrap\"><svg xmlns=\"https:\/\/www.w3.org\/2000\/svg\" viewBox=\"0 0 448 512\"><path d=\"M438.6 105.4C451.1 117.9 451.1 138.1 438.6 150.6L182.6 406.6C170.1 419.1 149.9 419.1 137.4 406.6L9.372 278.6C-3.124 266.1-3.124 245.9 9.372 233.4C21.87 220.9 42.13 220.9 54.63 233.4L159.1 338.7L393.4 105.4C405.9 92.88 426.1 92.88 438.6 105.4H438.6z\"><\/path><\/svg><\/div><div class=\"uagb-ifb-title-wrap\"><p class=\"uagb-ifb-title\">Pr\u00e4vention<\/p><\/div><p class=\"uagb-ifb-desc\">&#8211; Beratung f\u00fcr eigenst\u00e4ndiges Training<br>&#8211; Personaltraining <br>&#8211; Ergonomieberatung <br>&#8211; Wellness-Massagen <br>&#8211; Queer-Embodiment<br><br>Heute schon pr\u00e4ventiv aktiv werden, bevor Beschwerden und Krankheiten entstehen. Bewegung beugt effektiv vielen Krankheiten vor, wie Muskel-Skelett-Erkrankungen und Herz-Kreislauf-Beschwerden. <br><br>Beim Embodiment wird auf das Zusammenspiel von K\u00f6rper und Psyche eingegangen und ich ber\u00fccksichtige hierbei die queere Lebenswelt.<br><br>Ich gehe auf die individuellen Bed\u00fcrfnisse und W\u00fcnsche ein. Mir ist ein vertrauensvolles Verh\u00e4ltnis wichtig.  <br><br>Tipps rund um gesundes Binding und f\u00fcr \u00dcbungen bei Binding findest Du auch auf meiner Seite: <a href=\"http:\/\/gesundes-binding.de\" target=\"_blank\" rel=\"noreferrer noopener\">gesundes-binding.de<\/a><br><\/p><\/div><\/div>\n<\/div>\n<\/div>\n\n\n\n<div class=\"wp-block-uagb-container uagb-block-93ce7e38\">\n<div class=\"wp-block-uagb-image alignleft uagb-block-3e552795 wp-block-uagb-image--layout-default wp-block-uagb-image--effect-static wp-block-uagb-image--align-left\"><figure class=\"wp-block-uagb-image__figure\"><img loading=\"lazy\" decoding=\"async\" srcset=\"https:\/\/diversity-health.de\/wp-content\/uploads\/2025\/05\/gc771b05055ef89c2d1357962f44e50f688f699ab074ab7c4f30e76342c5170b28576487c10cebd6e4ea97d343a3e94c7526db914762175fa3df5665c8c622da1_1280-5248830-1024x556.jpg ,https:\/\/diversity-health.de\/wp-content\/uploads\/2025\/05\/gc771b05055ef89c2d1357962f44e50f688f699ab074ab7c4f30e76342c5170b28576487c10cebd6e4ea97d343a3e94c7526db914762175fa3df5665c8c622da1_1280-5248830.jpg 780w, https:\/\/diversity-health.de\/wp-content\/uploads\/2025\/05\/gc771b05055ef89c2d1357962f44e50f688f699ab074ab7c4f30e76342c5170b28576487c10cebd6e4ea97d343a3e94c7526db914762175fa3df5665c8c622da1_1280-5248830.jpg 360w\" sizes=\"auto, (max-width: 480px) 150px\" src=\"https:\/\/diversity-health.de\/wp-content\/uploads\/2025\/05\/gc771b05055ef89c2d1357962f44e50f688f699ab074ab7c4f30e76342c5170b28576487c10cebd6e4ea97d343a3e94c7526db914762175fa3df5665c8c622da1_1280-5248830-1024x556.jpg\" alt=\"back, pain, spine, injury, backache, sciatica, physiotherapy, man, painful, health, pain, pain, pain, pain, pain, spine, spine, injury, backache, sciatica, sciatica, physiotherapy\" class=\"uag-image-2098\" width=\"480\" height=\"450\" title=\"gc771b05055ef89c2d1357962f44e50f688f699ab074ab7c4f30e76342c5170b28576487c10cebd6e4ea97d343a3e94c7526db914762175fa3df5665c8c622da1_1280-5248830\" loading=\"lazy\" role=\"img\"\/><\/figure><\/div>\n<\/div>\n<\/div><\/div>\n\n\n\n<div class=\"wp-block-uagb-container uagb-block-47e6ca19 alignfull uagb-is-root-container\"><div class=\"uagb-container-inner-blocks-wrap\">\n<div class=\"wp-block-uagb-container uagb-block-5d78b710\">\n<div class=\"wp-block-uagb-info-box uagb-block-339dde46 uagb-infobox__content-wrap  uagb-infobox-icon-above-title uagb-infobox-image-valign-top\"><div class=\"uagb-ifb-content\"><div class=\"uagb-ifb-title-wrap\"><h2 class=\"uagb-ifb-title\">Vereinbare einen Termin. Ich freue mich auf Dich!<\/h2><\/div><p class=\"uagb-ifb-desc\">Meine Preise sind einfach und fair. Keine komplizierten Preise, die f\u00fcr die einzelnen Leistungen total verschieden sind. Ich will gemeinsam mit Dir immer das Beste erreichen, egal was Du buchst. Daher f\u00fcr alles immer die gleichen Preise. <br><br>So kosten 10 Minuten meiner Zeit normal immer 11,00 EUR. Verg\u00fcnstigt betr\u00e4gt der Preis f\u00fcr 10 Minuten 9,00 EUR und der Soli-Beitrag sind 13 EUR.  F\u00fcr die Krankengymnastik z.B. empfiehlt sich ein Zeitrahmen von 20 bis 30 Minuten. F\u00fcr ein Personaltraining von 60 Minuten. Ich berate Dich gerne, was f\u00fcr Dich passend ist. Setze Dich einfach mit mir in Verbindung<\/p><div class=\"uagb-ifb-button-wrapper wp-block-button\"><a href=\"\/contact\/\" class=\"uagb-infobox-cta-link wp-block-button__link\" target=\"_self\" rel=\"noopener noreferrer\" onclick=\"return true;\"><span class=\"uagb-inline-editing\">Hier informieren und Termin vereinbaren<\/span><\/a><\/div><\/div><\/div>\n<\/div>\n<\/div><\/div>\n","protected":false},"excerpt":{"rendered":"<p>Du willst queersensible und diversit\u00e4tssensible Physiotherapie? Dann bist Du hier genau richtig. Ich bin Niko J\u00e1nos Riebel. Ich bin Physiotherapeut und Berater f\u00fcr Gesundheitsf\u00f6rderung, definiere mich als queer, schwul und [&hellip;]<\/p>\n","protected":false},"author":1,"featured_media":0,"parent":0,"menu_order":0,"comment_status":"closed","ping_status":"closed","template":"","meta":{"_uag_custom_page_level_css":"","site-sidebar-layout":"default","site-content-layout":"","ast-site-content-layout":"normal-width-container","site-content-style":"default","site-sidebar-style":"default","ast-global-header-display":"","ast-banner-title-visibility":"","ast-main-header-display":"","ast-hfb-above-header-display":"","ast-hfb-below-header-display":"","ast-hfb-mobile-header-display":"","site-post-title":"disabled","ast-breadcrumbs-content":"","ast-featured-img":"","footer-sml-layout":"","ast-disable-related-posts":"","theme-transparent-header-meta":"enabled","adv-header-id-meta":"","stick-header-meta":"","header-above-stick-meta":"","header-main-stick-meta":"","header-below-stick-meta":"","astra-migrate-meta-layouts":"default","ast-page-background-enabled":"default","ast-page-background-meta":{"desktop":{"background-color":"var(--ast-global-color-4)","background-image":"","background-repeat":"repeat","background-position":"center center","background-size":"auto","background-attachment":"scroll","background-type":"","background-media":"","overlay-type":"","overlay-color":"","overlay-opacity":"","overlay-gradient":""},"tablet":{"background-color":"","background-image":"","background-repeat":"repeat","background-position":"center center","background-size":"auto","background-attachment":"scroll","background-type":"","background-media":"","overlay-type":"","overlay-color":"","overlay-opacity":"","overlay-gradient":""},"mobile":{"background-color":"","background-image":"","background-repeat":"repeat","background-position":"center center","background-size":"auto","background-attachment":"scroll","background-type":"","background-media":"","overlay-type":"","overlay-color":"","overlay-opacity":"","overlay-gradient":""}},"ast-content-background-meta":{"desktop":{"background-color":"var(--ast-global-color-5)","background-image":"","background-repeat":"repeat","background-position":"center center","background-size":"auto","background-attachment":"scroll","background-type":"","background-media":"","overlay-type":"","overlay-color":"","overlay-opacity":"","overlay-gradient":""},"tablet":{"background-color":"var(--ast-global-color-5)","background-image":"","background-repeat":"repeat","background-position":"center center","background-size":"auto","background-attachment":"scroll","background-type":"","background-media":"","overlay-type":"","overlay-color":"","overlay-opacity":"","overlay-gradient":""},"mobile":{"background-color":"var(--ast-global-color-5)","background-image":"","background-repeat":"repeat","background-position":"center center","background-size":"auto","background-attachment":"scroll","background-type":"","background-media":"","overlay-type":"","overlay-color":"","overlay-opacity":"","overlay-gradient":""}},"footnotes":""},"class_list":["post-1704","page","type-page","status-publish","hentry"],"uagb_featured_image_src":{"full":false,"thumbnail":false,"medium":false,"medium_large":false,"large":false,"1536x1536":false,"2048x2048":false},"uagb_author_info":{"display_name":"admin","author_link":"https:\/\/diversity-health.de\/home\/author\/admin\/"},"uagb_comment_info":0,"uagb_excerpt":"Du willst queersensible und diversit\u00e4tssensible Physiotherapie? Dann bist Du hier genau richtig. Ich bin Niko J\u00e1nos Riebel. Ich bin Physiotherapeut und Berater f\u00fcr Gesundheitsf\u00f6rderung, definiere mich als queer, schwul und [&hellip;]","_links":{"self":[{"href":"https:\/\/diversity-health.de\/home\/wp-json\/wp\/v2\/pages\/1704","targetHints":{"allow":["GET"]}}],"collection":[{"href":"https:\/\/diversity-health.de\/home\/wp-json\/wp\/v2\/pages"}],"about":[{"href":"https:\/\/diversity-health.de\/home\/wp-json\/wp\/v2\/types\/page"}],"author":[{"embeddable":true,"href":"https:\/\/diversity-health.de\/home\/wp-json\/wp\/v2\/users\/1"}],"replies":[{"embeddable":true,"href":"https:\/\/diversity-health.de\/home\/wp-json\/wp\/v2\/comments?post=1704"}],"version-history":[{"count":35,"href":"https:\/\/diversity-health.de\/home\/wp-json\/wp\/v2\/pages\/1704\/revisions"}],"predecessor-version":[{"id":2233,"href":"https:\/\/diversity-health.de\/home\/wp-json\/wp\/v2\/pages\/1704\/revisions\/2233"}],"wp:attachment":[{"href":"https:\/\/diversity-health.de\/home\/wp-json\/wp\/v2\/media?parent=1704"}],"curies":[{"name":"wp","href":"https:\/\/api.w.org\/{rel}","templated":true}]}}